{"id":497,"date":"2025-02-27T18:13:00","date_gmt":"2025-02-27T17:13:00","guid":{"rendered":"https:\/\/przychodniawitomino.xaa.pl\/?page_id=497"},"modified":"2025-04-02T01:08:04","modified_gmt":"2025-04-01T23:08:04","slug":"o-nas","status":"publish","type":"page","link":"https:\/\/przychodniawitomino.pl\/en\/o-nas\/","title":{"rendered":"O nas"},"content":{"rendered":"<div data-elementor-type=\"wp-page\" data-elementor-id=\"497\" class=\"elementor elementor-497\" data-elementor-post-type=\"page\">\n\t\t\t\t<div class=\"elementor-element elementor-element-0fb0df9 e-con-full an2 e-flex e-con e-parent\" data-id=\"0fb0df9\" data-element_type=\"container\" data-e-type=\"container\">\n\t\t<div class=\"elementor-element elementor-element-5ab2e97 e-con-full e-flex e-con e-child\" data-id=\"5ab2e97\" data-element_type=\"container\" data-e-type=\"container\">\n\t\t\t\t<div class=\"elementor-element elementor-element-0f55c89 elementor-widget elementor-widget-heading\" data-id=\"0f55c89\" data-element_type=\"widget\" data-e-type=\"widget\" data-widget_type=\"heading.default\">\n\t\t\t\t<div class=\"elementor-widget-container\">\n\t\t\t\t\t<h4 class=\"elementor-heading-title elementor-size-default\">Przychodnia Witomino<\/h4>\t\t\t\t<\/div>\n\t\t\t\t<\/div>\n\t\t\t\t<\/div>\n\t\t<div class=\"elementor-element elementor-element-87cbfa1 e-con-full an-c e-flex e-con e-child\" data-id=\"87cbfa1\" data-element_type=\"container\" data-e-type=\"container\" data-settings=\"{&quot;background_background&quot;:&quot;classic&quot;}\">\n\t\t\t\t<div class=\"elementor-element elementor-element-c7a334e g2 elementor-widget elementor-widget-heading\" data-id=\"c7a334e\" data-element_type=\"widget\" data-e-type=\"widget\" data-widget_type=\"heading.default\">\n\t\t\t\t<div class=\"elementor-widget-container\">\n\t\t\t\t\t<h5 class=\"elementor-heading-title elementor-size-default\">Ju\u017c od niemal 50 lat dbamy o zdrowie naszych Pacjent\u00f3w!<\/h5>\t\t\t\t<\/div>\n\t\t\t\t<\/div>\n\t\t\t\t<div class=\"elementor-element elementor-element-de95aeb elementor-widget elementor-widget-text-editor\" data-id=\"de95aeb\" data-element_type=\"widget\" data-e-type=\"widget\" data-widget_type=\"text-editor.default\">\n\t\t\t\t<div class=\"elementor-widget-container\">\n\t\t\t\t\t\t\t\t\t<div id=\"comp-iirne736\" class=\"HcOXKn c9GqVL QxJLC3 lq2cno YQcXTT comp-iirne736 wixui-rich-text\" data-testid=\"richTextElement\"><p class=\"font_8 wixui-rich-text__text\"><span class=\"wixui-rich-text__text\">Ka\u017cdego dnia dok\u0142adamy wszelkich stara\u0144, aby osoby znajduj\u0105ce si\u0119 pod nasz\u0105 opiek\u0105 by\u0142y zadowolone ze \u015bwiadczonych przez nas us\u0142ug, czu\u0142y si\u0119 bezpiecznie i wiedzia\u0142y, \u017ce mog\u0105 liczy\u0107 na pomoc, porad\u0119 do\u015bwiadczonej i wysoko wykwalifikowanej kadry pracownik\u00f3w, kt\u00f3ra stale podnosi swoje umiej\u0119tno\u015bci.<\/span><\/p><\/div><div id=\"comp-jywvke0s\" class=\"HcOXKn c9GqVL QxJLC3 lq2cno YQcXTT comp-jywvke0s wixui-rich-text\" data-testid=\"richTextElement\"><p class=\"font_8 wixui-rich-text__text\"><span class=\"wixui-rich-text__text\">Realizujemy umowy zawarte z NFZ oraz wykonujemy \u015bwiadczenia komercyjnie. Dodatkowo plac\u00f3wka uczestniczy aktywnie w realizacji profilaktycznych program\u00f3w zdrowotnych organizowanych przez Narodowy Fundusz Zdrowia i Urz\u0105d Miasta w Gdyni.<\/span><\/p><p class=\"font_8 wixui-rich-text__text\"><span class=\"wixui-rich-text__text\">\u200b<\/span><\/p><p class=\"font_8 wixui-rich-text__text\"><span class=\"wixui-rich-text__text\">Regularnie odbywamy zewn\u0119trzne audyty maj\u0105ce na celu utrzymanie zgodno\u015bci wdro\u017conego Systemu Zarz\u0105dzania Jako\u015bci\u0105 z norm\u0105 ISO 9001:2015 w zakresie udzielania ambulatoryjnych \u015bwiadcze\u0144 zdrowotnych: podstawowej i specjalistycznej opieki zdrowotnej oraz diagnostyki. Dzi\u0119ki temu, Przychodnia Lekarska Witomino utrzymuje System Zarz\u0105dzania Jako\u015bci\u0105 oraz standardy \u015bwiadczenia us\u0142ug medycznych na najwy\u017cszym poziomie.\u00a0<\/span><\/p><\/div>\t\t\t\t\t\t\t\t<\/div>\n\t\t\t\t<\/div>\n\t\t\t\t<\/div>\n\t\t<div class=\"elementor-element elementor-element-230f083 e-con-full an-c e-flex e-con e-child\" data-id=\"230f083\" data-element_type=\"container\" data-e-type=\"container\" data-settings=\"{&quot;background_background&quot;:&quot;classic&quot;}\">\n\t\t\t\t<div class=\"elementor-element elementor-element-84a57c6 ul2 elementor-widget elementor-widget-text-editor\" data-id=\"84a57c6\" data-element_type=\"widget\" data-e-type=\"widget\" data-widget_type=\"text-editor.default\">\n\t\t\t\t<div class=\"elementor-widget-container\">\n\t\t\t\t\t\t\t\t\t<div id=\"comp-jywvy3tv\" class=\"HcOXKn c9GqVL QxJLC3 lq2cno YQcXTT comp-jywvy3tv wixui-rich-text\" data-testid=\"richTextElement\"><p class=\"font_8 wixui-rich-text__text\"><span class=\"wixui-rich-text__text\">Przychodnia Lekarska Witomino oferuje kompleksow\u0105 opiek\u0119 zdrowotn\u0105, a \u015bcis\u0142ym priorytetem jest bezpiecze\u0144stwo i komfort Pacjent\u00f3w, mog\u0105cych skorzysta\u0107 z szeregu dost\u0119pnych \u015bwiadcze\u0144 medycznych:<\/span><\/p><p class=\"font_8 wixui-rich-text__text\"><span class=\"wixui-rich-text__text\">\u200b<\/span><\/p><ul class=\"font_8 wixui-rich-text__text\"><li class=\"wixui-rich-text__text\"><p class=\"font_8 wixui-rich-text__text\"><span class=\"wixui-rich-text__text\">konsultacje lekarzy pierwszego kontaktu,\u00a0<\/span><\/p><\/li><li class=\"wixui-rich-text__text\"><p class=\"font_8 wixui-rich-text__text\"><span class=\"wixui-rich-text__text\">opieka piel\u0119gniarek i po\u0142o\u017cnych rodzinnych,\u00a0<\/span><\/p><\/li><li class=\"wixui-rich-text__text\"><p class=\"font_8 wixui-rich-text__text\"><span class=\"wixui-rich-text__text\">\u015bwiadczenia lekarzy specjalist\u00f3w,\u00a0<\/span><\/p><\/li><li class=\"wixui-rich-text__text\"><p class=\"font_8 wixui-rich-text__text\"><span class=\"wixui-rich-text__text\">badania diagnostyczne,\u00a0<\/span><\/p><\/li><li class=\"wixui-rich-text__text\"><p class=\"font_8 wixui-rich-text__text\"><span class=\"wixui-rich-text__text\">programy profilaktyczne,<\/span><\/p><\/li><li class=\"wixui-rich-text__text\"><p class=\"font_8 wixui-rich-text__text\"><span class=\"wixui-rich-text__text\">szczepienia.\u00a0<\/span><\/p><\/li><\/ul><\/div>\t\t\t\t\t\t\t\t<\/div>\n\t\t\t\t<\/div>\n\t\t\t\t<\/div>\n\t\t\t\t<\/div>\n\t\t\t\t<\/div>","protected":false},"excerpt":{"rendered":"<p>Przychodnia Witomino Ju\u017c od niemal 50 lat dbamy o zdrowie naszych Pacjent\u00f3w! Ka\u017cdego dnia dok\u0142adamy wszelkich stara\u0144, aby osoby znajduj\u0105ce si\u0119 pod nasz\u0105 opiek\u0105 by\u0142y zadowolone ze \u015bwiadczonych przez nas us\u0142ug, czu\u0142y si\u0119 bezpiecznie i wiedzia\u0142y, \u017ce mog\u0105 liczy\u0107 na pomoc, porad\u0119 do\u015bwiadczonej i wysoko wykwalifikowanej kadry pracownik\u00f3w, kt\u00f3ra stale podnosi swoje umiej\u0119tno\u015bci. Realizujemy umowy [&hellip;]<\/p>\n","protected":false},"author":1,"featured_media":835,"parent":0,"menu_order":0,"comment_status":"closed","ping_status":"closed","template":"","meta":{"footnotes":""},"typ":[],"class_list":["post-497","page","type-page","status-publish","has-post-thumbnail","hentry"],"_links":{"self":[{"href":"https:\/\/przychodniawitomino.pl\/en\/wp-json\/wp\/v2\/pages\/497","targetHints":{"allow":["GET"]}}],"collection":[{"href":"https:\/\/przychodniawitomino.pl\/en\/wp-json\/wp\/v2\/pages"}],"about":[{"href":"https:\/\/przychodniawitomino.pl\/en\/wp-json\/wp\/v2\/types\/page"}],"author":[{"embeddable":true,"href":"https:\/\/przychodniawitomino.pl\/en\/wp-json\/wp\/v2\/users\/1"}],"replies":[{"embeddable":true,"href":"https:\/\/przychodniawitomino.pl\/en\/wp-json\/wp\/v2\/comments?post=497"}],"version-history":[{"count":13,"href":"https:\/\/przychodniawitomino.pl\/en\/wp-json\/wp\/v2\/pages\/497\/revisions"}],"predecessor-version":[{"id":3114,"href":"https:\/\/przychodniawitomino.pl\/en\/wp-json\/wp\/v2\/pages\/497\/revisions\/3114"}],"wp:featuredmedia":[{"embeddable":true,"href":"https:\/\/przychodniawitomino.pl\/en\/wp-json\/wp\/v2\/media\/835"}],"wp:attachment":[{"href":"https:\/\/przychodniawitomino.pl\/en\/wp-json\/wp\/v2\/media?parent=497"}],"wp:term":[{"taxonomy":"typ","embeddable":true,"href":"https:\/\/przychodniawitomino.pl\/en\/wp-json\/wp\/v2\/typ?post=497"}],"curies":[{"name":"wp","href":"https:\/\/api.w.org\/{rel}","templated":true}]}}