{"id":2863,"date":"2025-03-31T18:56:16","date_gmt":"2025-03-31T16:56:16","guid":{"rendered":"https:\/\/przychodniawitomino.xaa.pl\/?page_id=2863"},"modified":"2025-04-02T02:00:26","modified_gmt":"2025-04-02T00:00:26","slug":"transport-sanitarny","status":"publish","type":"page","link":"https:\/\/przychodniawitomino.pl\/en\/transport-sanitarny\/","title":{"rendered":"Transport Sanitarny"},"content":{"rendered":"<div data-elementor-type=\"wp-page\" data-elementor-id=\"2863\" class=\"elementor elementor-2863\" data-elementor-post-type=\"page\">\n\t\t\t\t<div class=\"elementor-element elementor-element-f686905 e-con-full e-flex e-con e-parent\" data-id=\"f686905\" data-element_type=\"container\" data-e-type=\"container\">\n\t\t<div class=\"elementor-element elementor-element-165d4b3 e-con-full e-flex e-con e-child\" data-id=\"165d4b3\" data-element_type=\"container\" data-e-type=\"container\" data-settings=\"{&quot;background_background&quot;:&quot;classic&quot;}\">\n\t\t\t\t<div class=\"elementor-element elementor-element-cd78c43 ul1 elementor-widget elementor-widget-text-editor\" data-id=\"cd78c43\" data-element_type=\"widget\" data-e-type=\"widget\" data-widget_type=\"text-editor.default\">\n\t\t\t\t<div class=\"elementor-widget-container\">\n\t\t\t\t\t\t\t\t\t<div id=\"comp-jz45x2ra\" class=\"HcOXKn c9GqVL QxJLC3 lq2cno YQcXTT comp-jz45x2ra wixui-rich-text\" data-testid=\"richTextElement\"><h4 class=\"font_4 wixui-rich-text__text\"><span class=\"wixui-rich-text__text\">Zasady zamawiania transportu<\/span><\/h4><\/div><div id=\"comp-jz45x2rp\" class=\"HcOXKn c9GqVL QxJLC3 lq2cno YQcXTT comp-jz45x2rp wixui-rich-text\" data-testid=\"richTextElement\"><p class=\"font_8 wixui-rich-text__text\"><span class=\"wixui-rich-text__text\">Pacjentowi na podstawie zlecenia lekarza przys\u0142uguje bezp\u0142atny przejazd \u015brodkami transportu sanitarnego, w tym lotniczego, do najbli\u017cszego zak\u0142adu opieki zdrowotnej udzielaj\u0105cego \u015bwiadcze\u0144 we w\u0142a\u015bciwym zakresie, i z powrotem, w przypadkach:<\/span><\/p><p class=\"font_8 wixui-rich-text__text\"><span class=\"wixui-rich-text__text\">\u200b<\/span><\/p><ul class=\"font_8 wixui-rich-text__text\"><li class=\"wixui-rich-text__text\"><p class=\"font_8 wixui-rich-text__text\"><span class=\"wixui-rich-text__text\">konieczno\u015bci podj\u0119cia natychmiastowego leczenia w zak\u0142adzie opieki zdrowotnej (np. gdy lekarz stwierdzi z\u0142y stan zdrowia pacjenta i potrzebny jest transport do szpitala)<\/span><\/p><\/li><\/ul><p class=\"font_8 wixui-rich-text__text\"><span class=\"wixui-rich-text__text\">\u200b<\/span><\/p><ul class=\"font_8 wixui-rich-text__text\"><li class=\"wixui-rich-text__text\"><p class=\"font_8 wixui-rich-text__text\"><span class=\"wixui-rich-text__text\">wynikaj\u0105cych z potrzeby zachowania ci\u0105g\u0142o\u015bci leczenia (np. transport pacjenta na wizyt\u0119 pierwszorazow\u0105 u specjalisty)<\/span><\/p><\/li><\/ul><\/div>\t\t\t\t\t\t\t\t<\/div>\n\t\t\t\t<\/div>\n\t\t\t\t<\/div>\n\t\t<div class=\"elementor-element elementor-element-ec09dff e-con-full e-flex e-con e-child\" data-id=\"ec09dff\" data-element_type=\"container\" data-e-type=\"container\" data-settings=\"{&quot;background_background&quot;:&quot;classic&quot;}\">\n\t\t\t\t<div class=\"elementor-element elementor-element-06b8050 ul1 elementor-widget elementor-widget-text-editor\" data-id=\"06b8050\" data-element_type=\"widget\" data-e-type=\"widget\" data-widget_type=\"text-editor.default\">\n\t\t\t\t<div class=\"elementor-widget-container\">\n\t\t\t\t\t\t\t\t\t<section id=\"comp-lg3emjwp\" class=\"Oqnisf comp-lg3emjwp wixui-section\" tabindex=\"-1\" data-block-level-container=\"ClassicSection\"><div class=\"\" data-mesh-id=\"comp-lg3emjwpinlineContent\" data-testid=\"inline-content\"><div data-mesh-id=\"comp-lg3emjwpinlineContent-gridContainer\" data-testid=\"mesh-container-content\"><div id=\"comp-jz47utrn\" class=\"HcOXKn c9GqVL QxJLC3 lq2cno YQcXTT comp-jz47utrn wixui-rich-text\" data-testid=\"richTextElement\"><h4 class=\"font_4 wixui-rich-text__text\"><span class=\"wixui-rich-text__text\">Organizacja transportu sanitarnego<\/span><\/h4><\/div><div id=\"comp-jz47u1wa\" class=\"HcOXKn c9GqVL QxJLC3 lq2cno YQcXTT comp-jz47u1wa wixui-rich-text\" data-testid=\"richTextElement\"><p class=\"font_8 wixui-rich-text__text\"><span class=\"wixui-rich-text__text\">W zale\u017cno\u015bci od rodzaju \u015bwiadczenia, pierwszorazowe czy te\u017c kolejne, zasady s\u0105 nast\u0119puj\u0105ce:\u200b<\/span><\/p><p class=\"font_8 wixui-rich-text__text\"><span class=\"wixui-rich-text__text\">\u200b<\/span><\/p><ul class=\"font_8 wixui-rich-text__text\"><li class=\"wixui-rich-text__text\"><p class=\"font_8 wixui-rich-text__text\"><span class=\"wixui-rich-text__text\">na \u015bwiadczenie pierwszorazowe do poradni specjalistycznej, bez wzgl\u0119du na kieruj\u0105cego do \u015bwiadcze\u0144 poradni, podmiotem w\u0142a\u015bciwym do zlecenia i zapewnienia wykonania us\u0142ugi transportu sanitarnego, zgodnie ze wskazaniami medycznymi, jest podmiot u kt\u00f3rego \u015bwiadczeniobiorca dokona\u0142 wyboru lekarza podstawowej opieki zdrowotnej.<\/span><\/p><\/li><\/ul><p class=\"font_8 wixui-rich-text__text\"><span class=\"wixui-rich-text__text\">\u200b<\/span><\/p><ul class=\"font_8 wixui-rich-text__text\"><li class=\"wixui-rich-text__text\"><p class=\"font_8 wixui-rich-text__text\"><span class=\"wixui-rich-text__text\">w przypadku odbywania kolejnych wizyt w danej poradni specjalistycznej i utrzymuj\u0105cych si\u0119 wskaza\u0144 do korzystania przez Pacjenta \u015bwiadcze\u0144 transportu sanitarnego, podmiotem w\u0142a\u015bciwym\u00a0 do zapewnienia us\u0142ugi transportu jest poradnia specjalistyczna.<\/span><\/p><\/li><\/ul><p class=\"font_8 wixui-rich-text__text\"><span class=\"wixui-rich-text__text\">\u200b<\/span><\/p><p class=\"font_8 wixui-rich-text__text\"><span class=\"wixui-rich-text__text\">W Przypadku ch\u0119ci skorzystania z transportu przychodni POZ, pacjent zobowi\u0105zany jest pokry\u0107 koszt transportu <\/span><\/p><p class=\"font_8 wixui-rich-text__text\"><span class=\"wixui-rich-text__text\">wg cennika obowi\u0105zuj\u0105cego w NORD Ambulanse.<\/span><\/p><\/div><\/div><\/div><\/section>\t\t\t\t\t\t\t\t<\/div>\n\t\t\t\t<\/div>\n\t\t\t\t<\/div>\n\t\t\t\t<\/div>\n\t\t\t\t<\/div>","protected":false},"excerpt":{"rendered":"<p>Zasady zamawiania transportu Pacjentowi na podstawie zlecenia lekarza przys\u0142uguje bezp\u0142atny przejazd \u015brodkami transportu sanitarnego, w tym lotniczego, do najbli\u017cszego zak\u0142adu opieki zdrowotnej udzielaj\u0105cego \u015bwiadcze\u0144 we w\u0142a\u015bciwym zakresie, i z powrotem, w przypadkach: \u200b konieczno\u015bci podj\u0119cia natychmiastowego leczenia w zak\u0142adzie opieki zdrowotnej (np. gdy lekarz stwierdzi z\u0142y stan zdrowia pacjenta i potrzebny jest transport do szpitala) [&hellip;]<\/p>\n","protected":false},"author":1,"featured_media":2864,"parent":0,"menu_order":0,"comment_status":"closed","ping_status":"closed","template":"","meta":{"footnotes":""},"typ":[22],"class_list":["post-2863","page","type-page","status-publish","has-post-thumbnail","hentry","typ-dla-pacjenta"],"_links":{"self":[{"href":"https:\/\/przychodniawitomino.pl\/en\/wp-json\/wp\/v2\/pages\/2863","targetHints":{"allow":["GET"]}}],"collection":[{"href":"https:\/\/przychodniawitomino.pl\/en\/wp-json\/wp\/v2\/pages"}],"about":[{"href":"https:\/\/przychodniawitomino.pl\/en\/wp-json\/wp\/v2\/types\/page"}],"author":[{"embeddable":true,"href":"https:\/\/przychodniawitomino.pl\/en\/wp-json\/wp\/v2\/users\/1"}],"replies":[{"embeddable":true,"href":"https:\/\/przychodniawitomino.pl\/en\/wp-json\/wp\/v2\/comments?post=2863"}],"version-history":[{"count":7,"href":"https:\/\/przychodniawitomino.pl\/en\/wp-json\/wp\/v2\/pages\/2863\/revisions"}],"predecessor-version":[{"id":3263,"href":"https:\/\/przychodniawitomino.pl\/en\/wp-json\/wp\/v2\/pages\/2863\/revisions\/3263"}],"wp:featuredmedia":[{"embeddable":true,"href":"https:\/\/przychodniawitomino.pl\/en\/wp-json\/wp\/v2\/media\/2864"}],"wp:attachment":[{"href":"https:\/\/przychodniawitomino.pl\/en\/wp-json\/wp\/v2\/media?parent=2863"}],"wp:term":[{"taxonomy":"typ","embeddable":true,"href":"https:\/\/przychodniawitomino.pl\/en\/wp-json\/wp\/v2\/typ?post=2863"}],"curies":[{"name":"wp","href":"https:\/\/api.w.org\/{rel}","templated":true}]}}