{"id":2831,"date":"2025-03-31T18:24:31","date_gmt":"2025-03-31T16:24:31","guid":{"rendered":"https:\/\/przychodniawitomino.xaa.pl\/?page_id=2831"},"modified":"2025-04-02T02:02:37","modified_gmt":"2025-04-02T00:02:37","slug":"skierowania","status":"publish","type":"page","link":"https:\/\/przychodniawitomino.pl\/en\/skierowania\/","title":{"rendered":"Skierowania"},"content":{"rendered":"<div data-elementor-type=\"wp-page\" data-elementor-id=\"2831\" class=\"elementor elementor-2831\" data-elementor-post-type=\"page\">\n\t\t\t\t<div class=\"elementor-element elementor-element-d8cbd36 e-con-full e-flex e-con e-parent\" data-id=\"d8cbd36\" data-element_type=\"container\" data-e-type=\"container\">\n\t\t<div class=\"elementor-element elementor-element-48e79b6 e-con-full e-flex e-con e-child\" data-id=\"48e79b6\" data-element_type=\"container\" data-e-type=\"container\" data-settings=\"{&quot;background_background&quot;:&quot;classic&quot;}\">\n\t\t\t\t<div class=\"elementor-element elementor-element-8ac2fbb elementor-widget elementor-widget-text-editor\" data-id=\"8ac2fbb\" data-element_type=\"widget\" data-e-type=\"widget\" data-widget_type=\"text-editor.default\">\n\t\t\t\t<div class=\"elementor-widget-container\">\n\t\t\t\t\t\t\t\t\t<div id=\"comp-jyx1zlvt\" class=\"HcOXKn c9GqVL QxJLC3 lq2cno YQcXTT comp-jyx1zlvt wixui-rich-text\" data-testid=\"richTextElement\"><h4 class=\"font_4 wixui-rich-text__text\"><span class=\"wixui-rich-text__text\">Zasady wystawiania skierowa\u0144<\/span><\/h4><\/div><div id=\"comp-jyx1zlw0\" class=\"HcOXKn c9GqVL QxJLC3 lq2cno YQcXTT comp-jyx1zlw0 wixui-rich-text\" data-testid=\"richTextElement\"><p class=\"font_8 wixui-rich-text__text\"><span class=\"wixui-rich-text__text\">Lekarz POZ (Podstawowej Opieki Zdrowotnej) mo\u017ce w trakcie procesu diagnostyczno-leczniczego skorzysta\u0107 z pomocy specjalist\u00f3w, wykonuj\u0105cych \u015bwiadczenia medyczne w ramach poradni specjalistycznych.\u00a0 <\/span><\/p><p class=\"font_8 wixui-rich-text__text\"><span class=\"wixui-rich-text__text\">\u200b<\/span><\/p><p class=\"font_8 wixui-rich-text__text\"><span class=\"wixui-rich-text__text\">Porada konsultacyjna specjalisty to wydanie przez specjalist\u0119 opinii o stanie zdrowia Pacjenta oraz wskazanie dalszego toku leczenia na podstawie wykonanych bada\u0144 diagnostycznych. W tym wypadku skierowanie jest wystawiane jednorazowo. Przy wymaganym d\u0142ugotrwa\u0142ym leczeniu lekarz rodzinny powinien wystawi\u0107 skierowanie z adnotacj\u0105 o obj\u0119ciu sta\u0142ym leczeniem Pacjenta bez okre\u015blenia liczby porad. Oznacza to, \u017ce podczas pierwszej wizyty specjalista decyduje o tym, czy wystarczy jednorazowa konsultacja, czy te\u017c konieczne jest przej\u0119cie leczenia.<\/span><\/p><\/div><div id=\"comp-jyylgee9\" class=\"MazNVa comp-jyylgee9 wixui-image\"><div class=\"j7pOnl\" data-testid=\"linkElement\">\u00a0<\/div><\/div><div id=\"comp-jyx1zlwb\" class=\"HcOXKn c9GqVL QxJLC3 lq2cno YQcXTT comp-jyx1zlwb wixui-rich-text\" data-testid=\"richTextElement\"><ul class=\"font_8 wixui-rich-text__text\"><li class=\"wixui-rich-text__text\"><p class=\"font_8 wixui-rich-text__text\"><span class=\"wixui-rich-text__text\">Je\u015bli wystarczy jednorazowa konsultacja, specjalista odsy\u0142a pacjenta z powrotem do lekarza POZ, kt\u00f3ry b\u0119dzie kontynuowa\u0142 leczenie;<\/span><\/p><\/li><\/ul><p class=\"font_8 wixui-rich-text__text\"><span class=\"wixui-rich-text__text\">\u200b<\/span><\/p><ul class=\"font_8 wixui-rich-text__text\"><li class=\"wixui-rich-text__text\"><p class=\"font_8 wixui-rich-text__text\"><span class=\"wixui-rich-text__text\">Je\u017celi jednak w trakcie pierwszej porady oka\u017ce si\u0119, \u017ce trzeba kontynuowa\u0107 leczenie u specjalisty, nale\u017cy pozyska\u0107 ponowne skierowanie od lekarza POZ. Po obj\u0119ciu pacjenta leczeniem sta\u0142ym przez specjalist\u0119, specjalista wyznacza terminy kolejnych wizyt kontrolnych, decyduje o niezb\u0119dnych badaniach, lekach i zabiegach.<\/span><\/p><\/li><\/ul><\/div><div id=\"comp-jyylb0r1\" class=\"HcOXKn c9GqVL QxJLC3 lq2cno YQcXTT comp-jyylb0r1 wixui-rich-text\" data-testid=\"richTextElement\"><p class=\"font_8 wixui-rich-text__text\"><span class=\"wixui-rich-text__text\">Od momentu, gdy lekarz specjalista przejmuje leczenie, to on kieruje na potrzebne badania diagnostyczne, kt\u00f3re s\u0105 niezb\u0119dne w przebiegu dalszego leczenia. Lekarz specjalista nie odsy\u0142a pacjenta w celu wykonania bada\u0144 do lekarza POZ\/rodzinnego.<\/span><\/p><\/div><div id=\"comp-jyylbqbx\" class=\"HcOXKn c9GqVL QxJLC3 lq2cno YQcXTT comp-jyylbqbx wixui-rich-text\" data-testid=\"richTextElement\"><p class=\"font_8 wixui-rich-text__text\"><span class=\"wixui-rich-text__text\">W wypadku, gdy ubezpieczony obj\u0119ty jest leczeniem specjalistycznym i wymaga wykonania bada\u0144 kontrolnych, skierowanie na te badania wydaje lekarz specjalista. Badania nale\u017cy wykonywa\u0107 w plac\u00f3wkach wskazanych przez lekarza kieruj\u0105cego.<\/span><\/p><\/div>\t\t\t\t\t\t\t\t<\/div>\n\t\t\t\t<\/div>\n\t\t\t\t<\/div>\n\t\t\t\t<\/div>\n\t\t\t\t<\/div>","protected":false},"excerpt":{"rendered":"<p>Zasady wystawiania skierowa\u0144 Lekarz POZ (Podstawowej Opieki Zdrowotnej) mo\u017ce w trakcie procesu diagnostyczno-leczniczego skorzysta\u0107 z pomocy specjalist\u00f3w, wykonuj\u0105cych \u015bwiadczenia medyczne w ramach poradni specjalistycznych.\u00a0 \u200b Porada konsultacyjna specjalisty to wydanie przez specjalist\u0119 opinii o stanie zdrowia Pacjenta oraz wskazanie dalszego toku leczenia na podstawie wykonanych bada\u0144 diagnostycznych. W tym wypadku skierowanie jest wystawiane jednorazowo. Przy [&hellip;]<\/p>\n","protected":false},"author":1,"featured_media":2833,"parent":0,"menu_order":0,"comment_status":"closed","ping_status":"closed","template":"","meta":{"footnotes":""},"typ":[22],"class_list":["post-2831","page","type-page","status-publish","has-post-thumbnail","hentry","typ-dla-pacjenta"],"_links":{"self":[{"href":"https:\/\/przychodniawitomino.pl\/en\/wp-json\/wp\/v2\/pages\/2831","targetHints":{"allow":["GET"]}}],"collection":[{"href":"https:\/\/przychodniawitomino.pl\/en\/wp-json\/wp\/v2\/pages"}],"about":[{"href":"https:\/\/przychodniawitomino.pl\/en\/wp-json\/wp\/v2\/types\/page"}],"author":[{"embeddable":true,"href":"https:\/\/przychodniawitomino.pl\/en\/wp-json\/wp\/v2\/users\/1"}],"replies":[{"embeddable":true,"href":"https:\/\/przychodniawitomino.pl\/en\/wp-json\/wp\/v2\/comments?post=2831"}],"version-history":[{"count":7,"href":"https:\/\/przychodniawitomino.pl\/en\/wp-json\/wp\/v2\/pages\/2831\/revisions"}],"predecessor-version":[{"id":3275,"href":"https:\/\/przychodniawitomino.pl\/en\/wp-json\/wp\/v2\/pages\/2831\/revisions\/3275"}],"wp:featuredmedia":[{"embeddable":true,"href":"https:\/\/przychodniawitomino.pl\/en\/wp-json\/wp\/v2\/media\/2833"}],"wp:attachment":[{"href":"https:\/\/przychodniawitomino.pl\/en\/wp-json\/wp\/v2\/media?parent=2831"}],"wp:term":[{"taxonomy":"typ","embeddable":true,"href":"https:\/\/przychodniawitomino.pl\/en\/wp-json\/wp\/v2\/typ?post=2831"}],"curies":[{"name":"wp","href":"https:\/\/api.w.org\/{rel}","templated":true}]}}