{"id":2620,"date":"2025-03-19T05:34:01","date_gmt":"2025-03-19T04:34:01","guid":{"rendered":"https:\/\/przychodniawitomino.xaa.pl\/?page_id=2620"},"modified":"2025-03-19T05:37:27","modified_gmt":"2025-03-19T04:37:27","slug":"cytologia","status":"publish","type":"page","link":"https:\/\/przychodniawitomino.pl\/en\/cytologia\/","title":{"rendered":"Cytologia"},"content":{"rendered":"<p>Nazwa Programu:&nbsp;Program profilaktyki raka szyjki macicy (cytologia)<\/p>\n\n\n\n<p>Finansowanie:&nbsp;<\/p>\n\n\n\n<p>Narodowy Fundusz Zdrowia<\/p>\n\n\n\n<p>Do Kogo Jest Skierowany Program:<\/p>\n\n\n\n<p><strong>Program adresowany jest do kobiet w wieku 25-59 lat:<\/strong><\/p>\n\n\n\n<ul class=\"wp-block-list\">\n<li>kt\u00f3re nie mia\u0142y wykonanej cytologii w ci\u0105gu ostatnich trzech lat;<\/li>\n\n\n\n<li>obci\u0105\u017conych czynnikami ryzyka (zaka\u017conych wirusem HIV, przyjmuj\u0105cych leki immunosupresyjne, zaka\u017conych HPV &#8211; typem wysokiego ryzyka), kt\u00f3re nie mia\u0142y wykonanej cytologii w ci\u0105gu ostatnich 12 miesi\u0119cy.<\/li>\n<\/ul>\n\n\n\n<p>Kobiety, kt\u00f3re by\u0142y leczone z powodu nowotworu z\u0142o\u015bliwego szyjki macicy, po zako\u0144czeniu kontroli onkologicznej (decyzj\u0119 podejmuje lekarz prowadz\u0105cy leczenie onkologiczne) ponownie zostaj\u0105 obj\u0119te skryningiem cytologicznym.<\/p>\n\n\n\n<p>Przebieg Programu:<\/p>\n\n\n\n<p>Badania pobierane s\u0105 w poradni ginekologiczno-po\u0142o\u017cniczej przez lekarza specjalist\u0119, a tak\u017ce przez po\u0142o\u017cn\u0105 Podstawowej Opieki Zdrowotnej.<\/p>\n\n\n\n<p>Wi\u0119cej informacji o programie: <a href=\"http:\/\/udary.szpitalepomorskie.eu\/\" target=\"_blank\" rel=\"noreferrer noopener\">https:\/\/www.nfz.gov.pl\/dla-pacjenta\/programy-profilaktyczne\/<\/a><\/p>","protected":false},"excerpt":{"rendered":"<p>Nazwa Programu:&nbsp;Program profilaktyki raka szyjki macicy (cytologia) Finansowanie:&nbsp; Narodowy Fundusz Zdrowia Do Kogo Jest Skierowany Program: Program adresowany jest do kobiet w wieku 25-59 lat: Kobiety, kt\u00f3re by\u0142y leczone z powodu nowotworu z\u0142o\u015bliwego szyjki macicy, po zako\u0144czeniu kontroli onkologicznej (decyzj\u0119 podejmuje lekarz prowadz\u0105cy leczenie onkologiczne) ponownie zostaj\u0105 obj\u0119te skryningiem cytologicznym. Przebieg Programu: Badania pobierane s\u0105 [&hellip;]<\/p>\n","protected":false},"author":1,"featured_media":0,"parent":0,"menu_order":0,"comment_status":"closed","ping_status":"closed","template":"","meta":{"footnotes":""},"typ":[21],"class_list":["post-2620","page","type-page","status-publish","hentry","typ-profilaktyka"],"_links":{"self":[{"href":"https:\/\/przychodniawitomino.pl\/en\/wp-json\/wp\/v2\/pages\/2620","targetHints":{"allow":["GET"]}}],"collection":[{"href":"https:\/\/przychodniawitomino.pl\/en\/wp-json\/wp\/v2\/pages"}],"about":[{"href":"https:\/\/przychodniawitomino.pl\/en\/wp-json\/wp\/v2\/types\/page"}],"author":[{"embeddable":true,"href":"https:\/\/przychodniawitomino.pl\/en\/wp-json\/wp\/v2\/users\/1"}],"replies":[{"embeddable":true,"href":"https:\/\/przychodniawitomino.pl\/en\/wp-json\/wp\/v2\/comments?post=2620"}],"version-history":[{"count":3,"href":"https:\/\/przychodniawitomino.pl\/en\/wp-json\/wp\/v2\/pages\/2620\/revisions"}],"predecessor-version":[{"id":2631,"href":"https:\/\/przychodniawitomino.pl\/en\/wp-json\/wp\/v2\/pages\/2620\/revisions\/2631"}],"wp:attachment":[{"href":"https:\/\/przychodniawitomino.pl\/en\/wp-json\/wp\/v2\/media?parent=2620"}],"wp:term":[{"taxonomy":"typ","embeddable":true,"href":"https:\/\/przychodniawitomino.pl\/en\/wp-json\/wp\/v2\/typ?post=2620"}],"curies":[{"name":"wp","href":"https:\/\/api.w.org\/{rel}","templated":true}]}}