{"id":1834,"date":"2025-03-18T02:56:56","date_gmt":"2025-03-18T01:56:56","guid":{"rendered":"https:\/\/przychodniawitomino.xaa.pl\/?page_id=1834"},"modified":"2025-04-02T01:10:41","modified_gmt":"2025-04-01T23:10:41","slug":"ankieta","status":"publish","type":"page","link":"https:\/\/przychodniawitomino.pl\/en\/ankieta\/","title":{"rendered":"Ankieta"},"content":{"rendered":"<div data-elementor-type=\"wp-page\" data-elementor-id=\"1834\" class=\"elementor elementor-1834\" data-elementor-post-type=\"page\">\n\t\t\t\t<div class=\"elementor-element elementor-element-e9cb464 e-con-full an2 e-flex e-con e-parent\" data-id=\"e9cb464\" data-element_type=\"container\" data-e-type=\"container\">\n\t\t<div class=\"elementor-element elementor-element-e51bacd e-con-full e-flex e-con e-child\" data-id=\"e51bacd\" data-element_type=\"container\" data-e-type=\"container\">\n\t\t\t\t<div class=\"elementor-element elementor-element-bad5d84 elementor-widget elementor-widget-heading\" data-id=\"bad5d84\" data-element_type=\"widget\" data-e-type=\"widget\" data-widget_type=\"heading.default\">\n\t\t\t\t<div class=\"elementor-widget-container\">\n\t\t\t\t\t<h4 class=\"elementor-heading-title elementor-size-default\">Tw\u00f3j g\u0142os ma znaczenie!<\/h4>\t\t\t\t<\/div>\n\t\t\t\t<\/div>\n\t\t\t\t<div class=\"elementor-element elementor-element-06d2505 elementor-widget elementor-widget-heading\" data-id=\"06d2505\" data-element_type=\"widget\" data-e-type=\"widget\" data-widget_type=\"heading.default\">\n\t\t\t\t<div class=\"elementor-widget-container\">\n\t\t\t\t\t<span class=\"elementor-heading-title elementor-size-default\"><b>Zach\u0119camy do wype\u0142nienia anonimowej ankiety. Je\u015bli jeste\u015b zadowolony\/a z przebiegu wizyty lub badania, b\u0105d\u017a uwa\u017casz, \u017ce co\u015b mo\u017cemy robi\u0107 lepiej, podziel si\u0119 z nami swoj\u0105 opini\u0105!<\/b><\/span>\t\t\t\t<\/div>\n\t\t\t\t<\/div>\n\t\t\t\t<\/div>\n\t\t<div class=\"elementor-element elementor-element-3c79eff e-con-full an-c e-flex e-con e-child\" data-id=\"3c79eff\" data-element_type=\"container\" data-e-type=\"container\" data-settings=\"{&quot;background_background&quot;:&quot;classic&quot;}\">\n\t\t\t\t<div class=\"elementor-element elementor-element-2416829 elementor-widget elementor-widget-shortcode\" data-id=\"2416829\" data-element_type=\"widget\" data-e-type=\"widget\" data-widget_type=\"shortcode.default\">\n\t\t\t\t<div class=\"elementor-widget-container\">\n\t\t\t\t\t\t\t<div class=\"elementor-shortcode\">\n<div class=\"wpcf7 no-js\" id=\"wpcf7-f1867-o1\" lang=\"pl-PL\" dir=\"ltr\" data-wpcf7-id=\"1867\">\n<div class=\"screen-reader-response\"><p role=\"status\" aria-live=\"polite\" aria-atomic=\"true\"><\/p> <ul><\/ul><\/div>\n<form action=\"\/en\/wp-json\/wp\/v2\/pages\/1834#wpcf7-f1867-o1\" method=\"post\" class=\"wpcf7-form init\" aria-label=\"Formularz kontaktowy\" novalidate=\"novalidate\" data-status=\"init\" data-trp-original-action=\"\/en\/wp-json\/wp\/v2\/pages\/1834#wpcf7-f1867-o1\">\n<fieldset class=\"hidden-fields-container\"><input type=\"hidden\" name=\"_wpcf7\" value=\"1867\" \/><input type=\"hidden\" name=\"_wpcf7_version\" value=\"6.1.5\" \/><input type=\"hidden\" name=\"_wpcf7_locale\" value=\"pl_PL\" \/><input type=\"hidden\" name=\"_wpcf7_unit_tag\" value=\"wpcf7-f1867-o1\" \/><input type=\"hidden\" name=\"_wpcf7_container_post\" value=\"0\" \/><input type=\"hidden\" name=\"_wpcf7_posted_data_hash\" value=\"\" \/>\n<\/fieldset>\n<div class=\"cf ankieta\">\n\t<p><label class=\"l\">1. Jak oceniasz og\u00f3lne wra\u017cenie z wizyty w naszej przychodni?<\/label><br \/>\n<span class=\"wpcf7-form-control-wrap\" data-name=\"p1\"><span class=\"wpcf7-form-control wpcf7-radio cb\"><span class=\"wpcf7-list-item first\"><label><input type=\"radio\" name=\"p1\" value=\"Bardzo zadowolony\/a\" \/><span class=\"wpcf7-list-item-label\">Bardzo zadowolony\/a<\/span><\/label><\/span><span class=\"wpcf7-list-item\"><label><input type=\"radio\" name=\"p1\" value=\"Zadowolony\/a\" \/><span class=\"wpcf7-list-item-label\">Zadowolony\/a<\/span><\/label><\/span><span class=\"wpcf7-list-item\"><label><input type=\"radio\" name=\"p1\" value=\"Neutralnie\" \/><span class=\"wpcf7-list-item-label\">Neutralnie<\/span><\/label><\/span><span class=\"wpcf7-list-item\"><label><input type=\"radio\" name=\"p1\" value=\"Niezadowolony\/a\" \/><span class=\"wpcf7-list-item-label\">Niezadowolony\/a<\/span><\/label><\/span><span class=\"wpcf7-list-item last\"><label><input type=\"radio\" name=\"p1\" value=\"Bardzo niezadowolony\/a\" \/><span class=\"wpcf7-list-item-label\">Bardzo niezadowolony\/a<\/span><\/label><\/span><\/span><\/span>\n\t<\/p>\n\t<p><label class=\"l\">2. Jak oceniasz czas oczekiwania na wizyt\u0119?<\/label><br \/>\n<span class=\"wpcf7-form-control-wrap\" data-name=\"p2\"><span class=\"wpcf7-form-control wpcf7-radio cb\"><span class=\"wpcf7-list-item first\"><label><input type=\"radio\" name=\"p2\" value=\"Bardzo kr\u00f3tki\" \/><span class=\"wpcf7-list-item-label\">Bardzo kr\u00f3tki<\/span><\/label><\/span><span class=\"wpcf7-list-item\"><label><input type=\"radio\" name=\"p2\" value=\"Kr\u00f3tki\" \/><span class=\"wpcf7-list-item-label\">Kr\u00f3tki<\/span><\/label><\/span><span class=\"wpcf7-list-item\"><label><input type=\"radio\" name=\"p2\" value=\"Odpowiedni\" \/><span class=\"wpcf7-list-item-label\">Odpowiedni<\/span><\/label><\/span><span class=\"wpcf7-list-item\"><label><input type=\"radio\" name=\"p2\" value=\"D\u0142ugi\" \/><span class=\"wpcf7-list-item-label\">D\u0142ugi<\/span><\/label><\/span><span class=\"wpcf7-list-item last\"><label><input type=\"radio\" name=\"p2\" value=\"Bardzo d\u0142ugi\" \/><span class=\"wpcf7-list-item-label\">Bardzo d\u0142ugi<\/span><\/label><\/span><\/span><\/span>\n\t<\/p>\n\t<p><label class=\"l\">3. Jak oceniasz postaw\u0119 i uprzejmo\u015b\u0107 naszych lekarzy?<\/label><br \/>\n<span class=\"wpcf7-form-control-wrap\" data-name=\"p3\"><span class=\"wpcf7-form-control wpcf7-radio cb\"><span class=\"wpcf7-list-item first\"><label><input type=\"radio\" name=\"p3\" value=\"Bardzo profesjonalni i uprzejmi\" \/><span class=\"wpcf7-list-item-label\">Bardzo profesjonalni i uprzejmi<\/span><\/label><\/span><span class=\"wpcf7-list-item\"><label><input type=\"radio\" name=\"p3\" value=\"Profesjonalni i uprzejmi\" \/><span class=\"wpcf7-list-item-label\">Profesjonalni i uprzejmi<\/span><\/label><\/span><span class=\"wpcf7-list-item\"><label><input type=\"radio\" name=\"p3\" value=\"Neutralni\" \/><span class=\"wpcf7-list-item-label\">Neutralni<\/span><\/label><\/span><span class=\"wpcf7-list-item\"><label><input type=\"radio\" name=\"p3\" value=\"Nieuprzejmi\" \/><span class=\"wpcf7-list-item-label\">Nieuprzejmi<\/span><\/label><\/span><span class=\"wpcf7-list-item last\"><label><input type=\"radio\" name=\"p3\" value=\"Bardzo nieuprzejmi\" \/><span class=\"wpcf7-list-item-label\">Bardzo nieuprzejmi<\/span><\/label><\/span><\/span><\/span>\n\t<\/p>\n\t<p><label class=\"l\">4. Jak oceniasz postaw\u0119 i uprzejmo\u015b\u0107 naszych piel\u0119gniarek?<\/label><br \/>\n<span class=\"wpcf7-form-control-wrap\" data-name=\"p4\"><span class=\"wpcf7-form-control wpcf7-radio cb\"><span class=\"wpcf7-list-item first\"><label><input type=\"radio\" name=\"p4\" value=\"Bardzo profesjonalne i uprzejme\" \/><span class=\"wpcf7-list-item-label\">Bardzo profesjonalne i uprzejme<\/span><\/label><\/span><span class=\"wpcf7-list-item\"><label><input type=\"radio\" name=\"p4\" value=\"Profesjonalne i uprzejme\" \/><span class=\"wpcf7-list-item-label\">Profesjonalne i uprzejme<\/span><\/label><\/span><span class=\"wpcf7-list-item\"><label><input type=\"radio\" name=\"p4\" value=\"Neutralne\" \/><span class=\"wpcf7-list-item-label\">Neutralne<\/span><\/label><\/span><span class=\"wpcf7-list-item\"><label><input type=\"radio\" name=\"p4\" value=\"Nieuprzejme\" \/><span class=\"wpcf7-list-item-label\">Nieuprzejme<\/span><\/label><\/span><span class=\"wpcf7-list-item last\"><label><input type=\"radio\" name=\"p4\" value=\"Bardzo nieuprzejme\" \/><span class=\"wpcf7-list-item-label\">Bardzo nieuprzejme<\/span><\/label><\/span><\/span><\/span>\n\t<\/p>\n\t<p><label class=\"l\">5. Jak oceniasz postaw\u0119 i uprzejmo\u015b\u0107 naszych pracownik\u00f3w rejestracji?<\/label><br \/>\n<span class=\"wpcf7-form-control-wrap\" data-name=\"p5\"><span class=\"wpcf7-form-control wpcf7-radio cb\"><span class=\"wpcf7-list-item first\"><label><input type=\"radio\" name=\"p5\" value=\"Bardzo profesjonalni i uprzejmi\" \/><span class=\"wpcf7-list-item-label\">Bardzo profesjonalni i uprzejmi<\/span><\/label><\/span><span class=\"wpcf7-list-item\"><label><input type=\"radio\" name=\"p5\" value=\"Profesjonalni i uprzejmi\" \/><span class=\"wpcf7-list-item-label\">Profesjonalni i uprzejmi<\/span><\/label><\/span><span class=\"wpcf7-list-item\"><label><input type=\"radio\" name=\"p5\" value=\"Neutralni\" \/><span class=\"wpcf7-list-item-label\">Neutralni<\/span><\/label><\/span><span class=\"wpcf7-list-item\"><label><input type=\"radio\" name=\"p5\" value=\"Nieuprzejmi\" \/><span class=\"wpcf7-list-item-label\">Nieuprzejmi<\/span><\/label><\/span><span class=\"wpcf7-list-item last\"><label><input type=\"radio\" name=\"p5\" value=\"Bardzo nieuprzejmi\" \/><span class=\"wpcf7-list-item-label\">Bardzo nieuprzejmi<\/span><\/label><\/span><\/span><\/span>\n\t<\/p>\n\t<p><label class=\"l\">6. Czy \u0142atwo by\u0142o um\u00f3wi\u0107 si\u0119 na wizyt\u0119?<\/label><br \/>\n<span class=\"wpcf7-form-control-wrap\" data-name=\"p6\"><span class=\"wpcf7-form-control wpcf7-radio cb\"><span class=\"wpcf7-list-item first\"><label><input type=\"radio\" name=\"p6\" value=\"Tak, bardzo \u0142atwo\" \/><span class=\"wpcf7-list-item-label\">Tak, bardzo \u0142atwo<\/span><\/label><\/span><span class=\"wpcf7-list-item\"><label><input type=\"radio\" name=\"p6\" value=\"Tak, w porz\u0105dku\" \/><span class=\"wpcf7-list-item-label\">Tak, w porz\u0105dku<\/span><\/label><\/span><span class=\"wpcf7-list-item\"><label><input type=\"radio\" name=\"p6\" value=\"Nie do ko\u0144ca\" \/><span class=\"wpcf7-list-item-label\">Nie do ko\u0144ca<\/span><\/label><\/span><span class=\"wpcf7-list-item last\"><label><input type=\"radio\" name=\"p6\" value=\"Ten obszar wymaga poprawy\" \/><span class=\"wpcf7-list-item-label\">Ten obszar wymaga poprawy<\/span><\/label><\/span><\/span><\/span>\n\t<\/p>\n\t<p><label class=\"l\">7. Czy przychodnia jest dobrze wyposa\u017cona i czysta?<\/label><br \/>\n<span class=\"wpcf7-form-control-wrap\" data-name=\"p7\"><span class=\"wpcf7-form-control wpcf7-radio cb\"><span class=\"wpcf7-list-item first\"><label><input type=\"radio\" name=\"p7\" value=\"Tak, bardzo\" \/><span class=\"wpcf7-list-item-label\">Tak, bardzo<\/span><\/label><\/span><span class=\"wpcf7-list-item\"><label><input type=\"radio\" name=\"p7\" value=\"Tak, w porz\u0105dku\" \/><span class=\"wpcf7-list-item-label\">Tak, w porz\u0105dku<\/span><\/label><\/span><span class=\"wpcf7-list-item\"><label><input type=\"radio\" name=\"p7\" value=\"Nie do ko\u0144ca\" \/><span class=\"wpcf7-list-item-label\">Nie do ko\u0144ca<\/span><\/label><\/span><span class=\"wpcf7-list-item last\"><label><input type=\"radio\" name=\"p7\" value=\"Ten obszar wymaga poprawy\" \/><span class=\"wpcf7-list-item-label\">Ten obszar wymaga poprawy<\/span><\/label><\/span><\/span><\/span>\n\t<\/p>\n\t<p><label class=\"l\">8. Czy otrzyma\u0142e\u015b\/a\u015b wystarczaj\u0105ce infromacj\u0119 na temat Twojego stanu zdrowia oraz planu leczenia?<\/label><br \/>\n<span class=\"wpcf7-form-control-wrap\" data-name=\"p8\"><span class=\"wpcf7-form-control wpcf7-radio cb\"><span class=\"wpcf7-list-item first\"><label><input type=\"radio\" name=\"p8\" value=\"Tak, w pe\u0142ni\" \/><span class=\"wpcf7-list-item-label\">Tak, w pe\u0142ni<\/span><\/label><\/span><span class=\"wpcf7-list-item\"><label><input type=\"radio\" name=\"p8\" value=\"Tak, w du\u017cej mierze\" \/><span class=\"wpcf7-list-item-label\">Tak, w du\u017cej mierze<\/span><\/label><\/span><span class=\"wpcf7-list-item\"><label><input type=\"radio\" name=\"p8\" value=\"Tak, ale chcia\u0142bym\/a\u0142abym wi\u0119cej informacji\" \/><span class=\"wpcf7-list-item-label\">Tak, ale chcia\u0142bym\/a\u0142abym wi\u0119cej informacji<\/span><\/label><\/span><span class=\"wpcf7-list-item last\"><label><input type=\"radio\" name=\"p8\" value=\"Ten obszar wymaga poprawy\" \/><span class=\"wpcf7-list-item-label\">Ten obszar wymaga poprawy<\/span><\/label><\/span><\/span><\/span>\n\t<\/p>\n\t<p><label class=\"l\">9. Czy poleci\u0142by\u015b\/aby\u015b nasz\u0105 przychodnie innym?<\/label><br \/>\n<span class=\"wpcf7-form-control-wrap\" data-name=\"p9\"><span class=\"wpcf7-form-control wpcf7-radio cb\"><span class=\"wpcf7-list-item first\"><label><input type=\"radio\" name=\"p9\" value=\"Tak\" \/><span class=\"wpcf7-list-item-label\">Tak<\/span><\/label><\/span><span class=\"wpcf7-list-item last\"><label><input type=\"radio\" name=\"p9\" value=\"Nie\" \/><span class=\"wpcf7-list-item-label\">Nie<\/span><\/label><\/span><\/span><\/span>\n\t<\/p>\n\t<p><label class=\"l\">10. Czy masz jakie\u015b sugestie lub uwagi, kt\u00f3re mog\u0142yby poprawi\u0107 jako\u015b\u0107 naszych us\u0142ug?<\/label><br \/>\n<span class=\"wpcf7-form-control-wrap\" data-name=\"tresc\"><textarea cols=\"40\" rows=\"10\" maxlength=\"2000\" class=\"wpcf7-form-control wpcf7-textarea wpcf7-validates-as-required\" aria-required=\"true\" aria-invalid=\"false\" placeholder=\"Przeka\u017c nam swoje uwagi. Dzi\u0119kujemy!\" name=\"tresc\"><\/textarea><\/span>\n\t<\/p>\n\t<p><span class=\"wpcf7-form-control-wrap\" data-name=\"zgoda\"><span class=\"wpcf7-form-control wpcf7-acceptance\"><span class=\"wpcf7-list-item\"><label><input type=\"checkbox\" name=\"zgoda\" value=\"1\" class=\"zgoda\" aria-invalid=\"false\" \/><span class=\"wpcf7-list-item-label\">Zapozna\u0142em\/am si\u0119 z i akceptuj\u0119 postanowienia <a href=\"https:\/\/przychodniawitomino.xaa.pl\/wp-content\/uploads\/2025\/03\/POLITYKA-PRZETWARZANIA-DANYCH2022.pdf\" target=\"_blank\">Polityki prywatno\u015bci<\/a>.<\/span><\/label><\/span><\/span><\/span>\n\t<\/p>\n\t<p><input class=\"wpcf7-form-control wpcf7-submit has-spinner wyslij\" type=\"submit\" value=\"Wy\u015blij ankiet\u0119\" \/>\n\t<\/p>\n<\/div><div class=\"wpcf7-response-output\" aria-hidden=\"true\"><\/div>\n<input type=\"hidden\" name=\"trp-form-language\" value=\"en\"\/><\/form>\n<\/div>\n<\/div>\n\t\t\t\t\t\t<\/div>\n\t\t\t\t<\/div>\n\t\t\t\t<\/div>\n\t\t\t\t<\/div>\n\t\t\t\t<\/div>","protected":false},"excerpt":{"rendered":"<p>Tw\u00f3j g\u0142os ma znaczenie! Zach\u0119camy do wype\u0142nienia anonimowej ankiety. Je\u015bli jeste\u015b zadowolony\/a z przebiegu wizyty lub badania, b\u0105d\u017a uwa\u017casz, \u017ce co\u015b mo\u017cemy robi\u0107 lepiej, podziel si\u0119 z nami swoj\u0105 opini\u0105!<\/p>","protected":false},"author":1,"featured_media":2030,"parent":0,"menu_order":0,"comment_status":"closed","ping_status":"closed","template":"","meta":{"footnotes":""},"typ":[9],"class_list":["post-1834","page","type-page","status-publish","has-post-thumbnail","hentry","typ-o-nas"],"_links":{"self":[{"href":"https:\/\/przychodniawitomino.pl\/en\/wp-json\/wp\/v2\/pages\/1834","targetHints":{"allow":["GET"]}}],"collection":[{"href":"https:\/\/przychodniawitomino.pl\/en\/wp-json\/wp\/v2\/pages"}],"about":[{"href":"https:\/\/przychodniawitomino.pl\/en\/wp-json\/wp\/v2\/types\/page"}],"author":[{"embeddable":true,"href":"https:\/\/przychodniawitomino.pl\/en\/wp-json\/wp\/v2\/users\/1"}],"replies":[{"embeddable":true,"href":"https:\/\/przychodniawitomino.pl\/en\/wp-json\/wp\/v2\/comments?post=1834"}],"version-history":[{"count":262,"href":"https:\/\/przychodniawitomino.pl\/en\/wp-json\/wp\/v2\/pages\/1834\/revisions"}],"predecessor-version":[{"id":3119,"href":"https:\/\/przychodniawitomino.pl\/en\/wp-json\/wp\/v2\/pages\/1834\/revisions\/3119"}],"wp:featuredmedia":[{"embeddable":true,"href":"https:\/\/przychodniawitomino.pl\/en\/wp-json\/wp\/v2\/media\/2030"}],"wp:attachment":[{"href":"https:\/\/przychodniawitomino.pl\/en\/wp-json\/wp\/v2\/media?parent=1834"}],"wp:term":[{"taxonomy":"typ","embeddable":true,"href":"https:\/\/przychodniawitomino.pl\/en\/wp-json\/wp\/v2\/typ?post=1834"}],"curies":[{"name":"wp","href":"https:\/\/api.w.org\/{rel}","templated":true}]}}